{"id":2,"date":"2021-01-11T00:05:33","date_gmt":"2021-01-10T23:05:33","guid":{"rendered":"http:\/\/www.spaja-lica.com\/prijavni-obrazac\/?page_id=2"},"modified":"2022-07-18T15:16:06","modified_gmt":"2022-07-18T13:16:06","slug":"sample-page","status":"publish","type":"page","link":"https:\/\/www.babysteps.ba\/peticija\/","title":{"rendered":"Peticija &#8211; za omogu\u0107avanje pratnje na porodu"},"content":{"rendered":"\r\n<p style=\"font-weight: 400;\"><div class=\"frm_forms  with_frm_style frm_style_formidable-style\" id=\"frm_form_6_container\" >\n<form enctype=\"multipart\/form-data\" method=\"post\" class=\"frm-show-form \" id=\"form_peticija78726eb0f2c664db435f\" >\n<div class=\"frm_form_fields \">\n<fieldset>\n<legend class=\"frm_screen_reader\">Peticija - prisustvo na porodu<\/legend>\r\n\r\n<div class=\"frm_fields_container\">\n<input type=\"hidden\" name=\"frm_action\" value=\"create\" \/>\n<input type=\"hidden\" name=\"form_id\" value=\"6\" \/>\n<input type=\"hidden\" name=\"frm_hide_fields_6\" id=\"frm_hide_fields_6\" value=\"\" \/>\n<input type=\"hidden\" name=\"form_key\" value=\"peticija78726eb0f2c664db435f\" \/>\n<input type=\"hidden\" name=\"item_meta[0]\" value=\"\" \/>\n<input type=\"hidden\" id=\"frm_submit_entry_6\" name=\"frm_submit_entry_6\" value=\"d6f805e147\" \/><input type=\"hidden\" name=\"_wp_http_referer\" value=\"\/peticija\/wp-json\/wp\/v2\/pages\/2\" \/><div id=\"frm_field_79_container\" class=\"frm_form_field form-field  frm_required_field frm_top_container\">\r\n    <label for=\"field_hs76i468db83cac\" id=\"field_hs76i468db83cac_label\" class=\"frm_primary_label\">Ime i prezime\r\n        <span class=\"frm_required\">*<\/span>\r\n    <\/label>\r\n    <input type=\"text\" id=\"field_hs76i468db83cac\" name=\"item_meta[79]\" value=\"\"  data-reqmsg=\"Ime i prezime cannot be blank.\" aria-required=\"true\" data-invmsg=\"Text is invalid\" aria-invalid=\"false\"  \/>\r\n    \r\n    \r\n<\/div>\n<div id=\"frm_field_80_container\" class=\"frm_form_field form-field  frm_required_field frm_top_container\">\r\n    <label for=\"field_1odu143f0f2c4f0\" id=\"field_1odu143f0f2c4f0_label\" class=\"frm_primary_label\">Grad\r\n        <span class=\"frm_required\">*<\/span>\r\n    <\/label>\r\n    <input type=\"text\" id=\"field_1odu143f0f2c4f0\" name=\"item_meta[80]\" value=\"\"  data-reqmsg=\"Grad cannot be blank.\" aria-required=\"true\" data-invmsg=\"Text is invalid\" aria-invalid=\"false\"  \/>\r\n    \r\n    \r\n<\/div>\n<div id=\"frm_field_81_container\" class=\"frm_form_field form-field  frm_top_container\">\r\n    <label for=\"field_fqd4mf56e8224bb\" id=\"field_fqd4mf56e8224bb_label\" class=\"frm_primary_label\">Broj telefona\r\n        <span class=\"frm_required\"><\/span>\r\n    <\/label>\r\n    <input type=\"text\" id=\"field_fqd4mf56e8224bb\" name=\"item_meta[81]\" value=\"\"  data-invmsg=\"Text is invalid\" aria-invalid=\"false\"  \/>\r\n    \r\n    \r\n<\/div>\n<div id=\"frm_field_82_container\" class=\"frm_form_field form-field  frm_top_container\">\r\n    <label for=\"field_3u0477e7ce032ea\" id=\"field_3u0477e7ce032ea_label\" class=\"frm_primary_label\">E-mail\r\n        <span class=\"frm_required\"><\/span>\r\n    <\/label>\r\n    <input type=\"text\" id=\"field_3u0477e7ce032ea\" name=\"item_meta[82]\" value=\"\"  data-invmsg=\"Text is invalid\" aria-invalid=\"false\"  \/>\r\n    \r\n    \r\n<\/div>\n\t<input type=\"hidden\" name=\"item_key\" value=\"\" \/>\n\t\t\t<div id=\"frm_field_83_container\">\n\t\t\t<label for=\"field_cc0a\" >\n\t\t\t\tIf you are human, leave this field blank.\t\t\t<\/label>\n\t\t\t<input  id=\"field_cc0a\" type=\"text\" class=\"frm_form_field form-field frm_verify\" name=\"item_meta[83]\" value=\"\"  \/>\n\t\t<\/div>\n\t\t<input name=\"frm_state\" type=\"hidden\" value=\"v5EC4oitP5s90A+\/a2Gl\/kUqGj+ROhNSJzCnT4JQWa0=\" \/><div class=\"frm_submit\">\r\n\r\n<button class=\"frm_button_submit\" type=\"submit\"  >Potpi\u0161i peticiju!<\/button>\r\n\r\n<\/div><\/div>\n<\/fieldset>\n<\/div>\n\n<\/form>\n<\/div>\n<\/p>\r\n<p><em>Podaci \u0107e biti kori\u0161teni samo za potrebe ove peticije i ne\u0107e biti proslje\u0111ivani tre\u0107im licima, niti kori\u0161teni za promociju aktivnosti Udru\u017eenja.<\/em><\/p>\r\n<p>Potpisivanjem ove peticije, zahtijevamo da se omogu\u0107i pratnja na porodu svakoj porodilji, u svim porodili\u0161tima BiH, sa ciljem unaprije\u0111enja uslova poroda i borbe protiv korupcije. Pratnja na porodu podrazumijeva prisustvo oca djeteta ili druge osobe, po \u017eelji porodilje, tokom cijelog trajanja poroda.<\/p>\r\n<p>Ovu peticiju upu\u0107ujemo porodili\u0161tima i svim nivoima uprave i vlasti koji upravljaju i nadziru rad porodili\u0161ta, apeluju\u0107i na uvo\u0111enje boljih mehanizama prijave, dokazivanja i sankcionisanja korupcije u porodili\u0161tima.<\/p>\r\n","protected":false},"excerpt":{"rendered":"<p>Podaci \u0107e biti kori\u0161teni samo za potrebe ove peticije i ne\u0107e biti proslje\u0111ivani tre\u0107im licima, niti kori\u0161teni za promociju aktivnosti Udru\u017eenja. Potpisivanjem ove peticije, zahtijevamo da se omogu\u0107i pratnja na&hellip;<\/p>\n","protected":false},"author":1,"featured_media":162,"parent":0,"menu_order":0,"comment_status":"closed","ping_status":"open","template":"page-templates\/fullwidth.php","meta":{"footnotes":""},"class_list":["post-2","page","type-page","status-publish","has-post-thumbnail","hentry"],"_links":{"self":[{"href":"https:\/\/www.babysteps.ba\/peticija\/wp-json\/wp\/v2\/pages\/2","targetHints":{"allow":["GET"]}}],"collection":[{"href":"https:\/\/www.babysteps.ba\/peticija\/wp-json\/wp\/v2\/pages"}],"about":[{"href":"https:\/\/www.babysteps.ba\/peticija\/wp-json\/wp\/v2\/types\/page"}],"author":[{"embeddable":true,"href":"https:\/\/www.babysteps.ba\/peticija\/wp-json\/wp\/v2\/users\/1"}],"replies":[{"embeddable":true,"href":"https:\/\/www.babysteps.ba\/peticija\/wp-json\/wp\/v2\/comments?post=2"}],"version-history":[{"count":25,"href":"https:\/\/www.babysteps.ba\/peticija\/wp-json\/wp\/v2\/pages\/2\/revisions"}],"predecessor-version":[{"id":167,"href":"https:\/\/www.babysteps.ba\/peticija\/wp-json\/wp\/v2\/pages\/2\/revisions\/167"}],"wp:featuredmedia":[{"embeddable":true,"href":"https:\/\/www.babysteps.ba\/peticija\/wp-json\/wp\/v2\/media\/162"}],"wp:attachment":[{"href":"https:\/\/www.babysteps.ba\/peticija\/wp-json\/wp\/v2\/media?parent=2"}],"curies":[{"name":"wp","href":"https:\/\/api.w.org\/{rel}","templated":true}]}}